{"id":167,"date":"2025-03-16T02:33:15","date_gmt":"2025-03-16T02:33:15","guid":{"rendered":"https:\/\/monterreyverde.com\/?page_id=167"},"modified":"2025-03-16T02:33:15","modified_gmt":"2025-03-16T02:33:15","slug":"metatags4","status":"publish","type":"page","link":"https:\/\/monterreyverde.com\/index.php\/metatags4\/","title":{"rendered":"metatags4"},"content":{"rendered":"<h3 data-start=\"142\" data-end=\"179\"><strong data-start=\"146\" data-end=\"177\">Ciudades de Lujo en M\u00e9xico:<\/strong><\/h3>\n<p data-start=\"180\" data-end=\"730\">Ciudad de M\u00e9xico, Monterrey, San Pedro Garza Garc\u00eda, Guadalajara, Zapopan, Puerto Vallarta, Canc\u00fan, Playa del Carmen, Tulum, Los Cabos, San Jos\u00e9 del Cabo, Cabo San Lucas, M\u00e9rida, Quer\u00e9taro, Puebla, San Miguel de Allende, Valle de Bravo, Cuernavaca, Acapulco, Ixtapa Zihuatanejo, Mazatl\u00e1n, Aguascalientes, Le\u00f3n, Morelia, Toluca, Chihuahua, Hermosillo, Culiac\u00e1n, Tijuana, Ensenada, La Paz, San Crist\u00f3bal de las Casas, Oaxaca, Guanajuato, Campeche, Veracruz, Cozumel, Isla Mujeres, Riviera Maya, Bacalar, Holbox, Riviera Nayarit, Sayulita, Punta Mita.<\/p>\n<h3 data-start=\"732\" data-end=\"771\"><strong data-start=\"736\" data-end=\"769\">Estados con \u00c1reas Exclusivas:<\/strong><\/h3>\n<p data-start=\"772\" data-end=\"1125\">Ciudad de M\u00e9xico, Nuevo Le\u00f3n, Jalisco, Quintana Roo, Baja California, Baja California Sur, Yucat\u00e1n, Quer\u00e9taro, Puebla, Estado de M\u00e9xico, Guanajuato, Oaxaca, Morelos, Guerrero, Nayarit, Sonora, Sinaloa, Chihuahua, Coahuila, San Luis Potos\u00ed, Aguascalientes, Zacatecas, Hidalgo, Michoac\u00e1n, Veracruz, Chiapas, Campeche, Tabasco, Tlaxcala, Durango, Colima.<\/p>\n<h3 data-start=\"1127\" data-end=\"1186\"><strong data-start=\"1131\" data-end=\"1184\">Distritos y Colonias de Lujo en Ciudad de M\u00e9xico:<\/strong><\/h3>\n<p data-start=\"1187\" data-end=\"1683\">Polanco, Lomas de Chapultepec, Santa Fe, Bosques de las Lomas, Interlomas, San \u00c1ngel, Pedregal, Lomas Altas, Reforma, Condesa, Roma Norte, Roma Sur, Coyoac\u00e1n, Del Valle, Narvarte, Ju\u00e1rez, Cuajimalpa, Tlalpan, Centro Hist\u00f3rico, Lomas de Virreyes, Jardines del Pedregal, Lomas de Tecamachalco, Contadero, Bosque Real, Lomas de Bezares, Paseo de la Reforma, Colonia Florida, San Miguel Chapultepec, Residencial Lomas, Colonia N\u00e1poles, \u00c1lvaro Obreg\u00f3n, Lomas del Sol, Huixquilucan, Lomas de Reforma.<\/p>\n<h3 data-start=\"1685\" data-end=\"1741\"><strong data-start=\"1689\" data-end=\"1739\">Calles y Avenidas de Lujo en Ciudad de M\u00e9xico:<\/strong><\/h3>\n<p data-start=\"1742\" data-end=\"2157\">Avenida Presidente Masaryk, Campos El\u00edseos, Paseo de la Reforma, Avenida Santa Fe, Vasco de Quiroga, Sierra Gorda, Paseo de las Palmas, Paseo de los Tamarindos, Bernardo Quintana, Bosques de Cidros, Bosques de Ciruelos, Prado Sur, Horacio, Ej\u00e9rcito Nacional, Ferrocarril de Cuernavaca, Rub\u00e9n Dar\u00edo, Edgar Allan Poe, Anatole France, Julio Verne, Homero, Moliere, Tem\u00edstocles, Galileo, Horacio, Ca\u00f1itas, Arqu\u00edmedes.<\/p>\n<h3 data-start=\"2159\" data-end=\"2232\"><strong data-start=\"2163\" data-end=\"2230\">Zonas y Colonias de Lujo en Monterrey y San Pedro Garza Garc\u00eda:<\/strong><\/h3>\n<p data-start=\"2233\" data-end=\"2670\">Valle Oriente, Valle Poniente, Calzada del Valle, Calzada San Pedro, San Agust\u00edn, Fuentes del Valle, Del Valle, Privanzas, Colorines, Bosques del Valle, Colinas del Valle, Rinc\u00f3n de San \u00c1ngel, Santa Engracia, Lomas del Valle, Lomas de San Agust\u00edn, Sierra Alta, La Toscana, V\u00eda Cordillera, Club Campestre, Las Misiones, Las Estancias, Laderas, El Uro Residencial, Bosques de las Misiones, Antigua Hacienda, Terralta, Privada Fundadores.<\/p>\n<h3 data-start=\"2672\" data-end=\"2721\"><strong data-start=\"2676\" data-end=\"2719\">Calles y Avenidas de Lujo en Monterrey:<\/strong><\/h3>\n<p data-start=\"2722\" data-end=\"2984\">Ricardo Marg\u00e1in, Humberto Lobo, Eugenio Garza Lag\u00fcera, Batall\u00f3n de San Patricio, Bosques del Valle, Paseo de los Duendes, Ave. Alfonso Reyes, Paseo de los Leones, Ave. Constituci\u00f3n, Ave. Revoluci\u00f3n, Paseo de los Tamarindos, Roble, Morones Prieto, Diego Rivera.<\/p>\n<h3 data-start=\"2986\" data-end=\"3035\"><strong data-start=\"2990\" data-end=\"3033\">Zonas de Lujo en Guadalajara y Zapopan:<\/strong><\/h3>\n<p data-start=\"3036\" data-end=\"3314\">Puerta de Hierro, Andares, Providencia, Colinas de San Javier, Solares, Lomas del Valle, Valle Real, Bugambilias, Zona Financiera, Capital Norte, Valle Imperial, Punto Sur, Santa Anita, San Wenceslao, Country Club, Chapalita, Puerta Plata, Colinas de San Javier, San Patricio.<\/p>\n<h3 data-start=\"3316\" data-end=\"3377\"><strong data-start=\"3320\" data-end=\"3375\">Calles y Avenidas de Lujo en Guadalajara y Zapopan:<\/strong><\/h3>\n<p data-start=\"3378\" data-end=\"3561\">Avenida Patria, Avenida Acueducto, Avenida Juan Palomar y Arias, Avenida Pablo Neruda, Avenida Providencia, Perif\u00e9rico Poniente, Avenida Naciones Unidas, Boulevard Puerta de Hierro.<\/p>\n<h3 data-start=\"3563\" data-end=\"3609\"><strong data-start=\"3567\" data-end=\"3607\">Destinos de Playa de Lujo en M\u00e9xico:<\/strong><\/h3>\n<p data-start=\"3610\" data-end=\"3891\">Punta Mita, Playa del Carmen, Tulum, Canc\u00fan, Riviera Maya, Isla Mujeres, Bacalar, Holbox, Cozumel, Los Cabos, San Jos\u00e9 del Cabo, Cabo San Lucas, Acapulco Diamante, Ixtapa Zihuatanejo, Huatulco, Mazatl\u00e1n, Nuevo Vallarta, Costa Alegre, Manzanillo, Sayulita, La Paz, Puerto Pe\u00f1asco.<\/p>\n<h3 data-start=\"3893\" data-end=\"3954\"><strong data-start=\"3897\" data-end=\"3952\">Zonas de Lujo en San Miguel de Allende y Quer\u00e9taro:<\/strong><\/h3>\n<p data-start=\"3955\" data-end=\"4160\">Centro Hist\u00f3rico de San Miguel de Allende, Atascadero, Balcones, La Aldea, Ojo de Agua, Los Frailes, Zir\u00e1ndaro, Quer\u00e9taro Centro, Jurica, Juriquilla, Zibat\u00e1, Lomas de Juriquilla, Campanario, Milenio III.<\/p>\n<h3 data-start=\"4162\" data-end=\"4203\"><strong data-start=\"4166\" data-end=\"4201\">Restaurantes de Lujo en M\u00e9xico:<\/strong><\/h3>\n<p data-start=\"4204\" data-end=\"4694\">Pangea Monterrey, Nobu Los Cabos, Cuerno CDMX, La Buena Barra Monterrey, Sonora Grill Prime, Sud 777, Quintonil, Pujol, M\u00e1ximo Bistrot, Koli Cocina de Origen, Carmela y Sal, Tori Tori, Rosetta, Nicos, Blanco Colima, Sylvestre, Hunan, Contramar, Il Becco, La Docena, Beef Bar, Hacienda de los Morales, San \u00c1ngel Inn, Jazamango, Moxi, Flora\u2019s Field Kitchen, Edith\u2019s, Casa Oaxaca, Muelle de al Lado, Grand Cru Monterrey, La Esquina del Tango, Astrid y Gast\u00f3n, Lorea, Pitiona, Ixi\u2019im Yucat\u00e1n.<\/p>\n<h3 data-start=\"4696\" data-end=\"4732\"><strong data-start=\"4700\" data-end=\"4730\">Hoteles de Lujo en M\u00e9xico:<\/strong><\/h3>\n<p data-start=\"4733\" data-end=\"5192\">Four Seasons CDMX, St. Regis CDMX, Rosewood San Miguel de Allende, Banyan Tree Mayakoba, Nizuc Resort, One&amp;Only Palmilla, Esperanza Resort Los Cabos, The Cape Los Cabos, Montage Los Cabos, Las Ventanas al Para\u00edso, Grand Velas Riviera Maya, Grand Velas Los Cabos, The Ritz-Carlton Canc\u00fan, Hotel Xcaret M\u00e9xico, Belmond Casa de Sierra Nevada, Viceroy Los Cabos, El Cielo Winery &amp; Resort, Chabl\u00e9 Yucat\u00e1n, Conrad Tulum, Rosewood Mayakoba, Et\u00e9reo Auberge Resorts.<\/p>\n","protected":false},"excerpt":{"rendered":"<p>Ciudades de Lujo en M\u00e9xico: Ciudad de M\u00e9xico, Monterrey, San Pedro Garza Garc\u00eda, Guadalajara, Zapopan, Puerto Vallarta, Canc\u00fan, Playa del Carmen, Tulum, Los Cabos, San Jos\u00e9 del Cabo, Cabo San Lucas, M\u00e9rida, Quer\u00e9taro, Puebla, San Miguel de Allende, Valle de Bravo, Cuernavaca, Acapulco, Ixtapa Zihuatanejo, Mazatl\u00e1n, Aguascalientes, Le\u00f3n, Morelia, Toluca, Chihuahua, Hermosillo, Culiac\u00e1n, Tijuana, Ensenada, [&hellip;]<\/p>\n","protected":false},"author":1,"featured_media":0,"parent":0,"menu_order":0,"comment_status":"closed","ping_status":"closed","template":"","meta":{"footnotes":""},"class_list":["post-167","page","type-page","status-publish","hentry"],"yoast_head":"<!-- This site is optimized with the Yoast SEO plugin v27.4 - https:\/\/yoast.com\/product\/yoast-seo-wordpress\/ -->\n<title>metatags4 - MonterreyVerde - MV - Entregas Monterrey 24 horas Lunes a Domingo - Weed &amp; Smokeshop en Monterrey, NL. Entregas en mano en San Pedro Garza, Cumbres, SN, Guadalupe, Apodaca. La mejor calidad-precio ! Gana dinero con nosotros. - Whatsapp +528132769756<\/title>\n<meta name=\"robots\" content=\"index, follow, max-snippet:-1, max-image-preview:large, max-video-preview:-1\" \/>\n<link rel=\"canonical\" href=\"https:\/\/monterreyverde.com\/index.php\/metatags4\/\" \/>\n<meta property=\"og:locale\" content=\"es_MX\" \/>\n<meta property=\"og:type\" content=\"article\" \/>\n<meta property=\"og:title\" content=\"metatags4 - MonterreyVerde - MV - Entregas Monterrey 24 horas Lunes a Domingo - Weed &amp; Smokeshop en Monterrey, NL. Entregas en mano en San Pedro Garza, Cumbres, SN, Guadalupe, Apodaca. La mejor calidad-precio ! Gana dinero con nosotros. - Whatsapp +528132769756\" \/>\n<meta property=\"og:description\" content=\"Ciudades de Lujo en M\u00e9xico: Ciudad de M\u00e9xico, Monterrey, San Pedro Garza Garc\u00eda, Guadalajara, Zapopan, Puerto Vallarta, Canc\u00fan, Playa del Carmen, Tulum, Los Cabos, San Jos\u00e9 del Cabo, Cabo San Lucas, M\u00e9rida, Quer\u00e9taro, Puebla, San Miguel de Allende, Valle de Bravo, Cuernavaca, Acapulco, Ixtapa Zihuatanejo, Mazatl\u00e1n, Aguascalientes, Le\u00f3n, Morelia, Toluca, Chihuahua, Hermosillo, Culiac\u00e1n, Tijuana, Ensenada, [&hellip;]\" \/>\n<meta property=\"og:url\" content=\"https:\/\/monterreyverde.com\/index.php\/metatags4\/\" \/>\n<meta property=\"og:site_name\" content=\"MonterreyVerde - MV - Entregas Monterrey 24 horas Lunes a Domingo - Weed &amp; Smokeshop en Monterrey, NL. Entregas en mano en San Pedro Garza, Cumbres, SN, Guadalupe, Apodaca. La mejor calidad-precio ! Gana dinero con nosotros. - Whatsapp +528132769756\" \/>\n<meta name=\"twitter:card\" content=\"summary_large_image\" \/>\n<script type=\"application\/ld+json\" class=\"yoast-schema-graph\">{\"@context\":\"https:\\\/\\\/schema.org\",\"@graph\":[{\"@type\":\"WebPage\",\"@id\":\"https:\\\/\\\/monterreyverde.com\\\/index.php\\\/metatags4\\\/\",\"url\":\"https:\\\/\\\/monterreyverde.com\\\/index.php\\\/metatags4\\\/\",\"name\":\"metatags4 - MonterreyVerde - MV - Entregas Monterrey 24 horas Lunes a Domingo - Weed &amp; Smokeshop en Monterrey, NL. Entregas en mano en San Pedro Garza, Cumbres, SN, Guadalupe, Apodaca. La mejor calidad-precio ! Gana dinero con nosotros. - Whatsapp +528132769756\",\"isPartOf\":{\"@id\":\"https:\\\/\\\/monterreyverde.com\\\/#website\"},\"datePublished\":\"2025-03-16T02:33:15+00:00\",\"breadcrumb\":{\"@id\":\"https:\\\/\\\/monterreyverde.com\\\/index.php\\\/metatags4\\\/#breadcrumb\"},\"inLanguage\":\"es\",\"potentialAction\":[{\"@type\":\"ReadAction\",\"target\":[\"https:\\\/\\\/monterreyverde.com\\\/index.php\\\/metatags4\\\/\"]}]},{\"@type\":\"BreadcrumbList\",\"@id\":\"https:\\\/\\\/monterreyverde.com\\\/index.php\\\/metatags4\\\/#breadcrumb\",\"itemListElement\":[{\"@type\":\"ListItem\",\"position\":1,\"name\":\"Home\",\"item\":\"https:\\\/\\\/monterreyverde.com\\\/\"},{\"@type\":\"ListItem\",\"position\":2,\"name\":\"metatags4\"}]},{\"@type\":\"WebSite\",\"@id\":\"https:\\\/\\\/monterreyverde.com\\\/#website\",\"url\":\"https:\\\/\\\/monterreyverde.com\\\/\",\"name\":\"MonterreyVerde - MV - Entregas Monterrey 24 horas Lunes a Domingo - Weed &amp; Smokeshop en Monterrey, NL. Entregas en mano en San Pedro Garza, Cumbres, SN, Guadalupe, Apodaca. La mejor calidad-precio ! Gana dinero con nosotros. - Whatsapp +528132769756\",\"description\":\"Mas de 30 a\u00f1os de Experiencia. Envios a toda la Republica. Calidad, buenos precios, seriedad, excelente servicio. Prueba MV Shop ! 100% regio.\",\"publisher\":{\"@id\":\"https:\\\/\\\/monterreyverde.com\\\/#organization\"},\"potentialAction\":[{\"@type\":\"SearchAction\",\"target\":{\"@type\":\"EntryPoint\",\"urlTemplate\":\"https:\\\/\\\/monterreyverde.com\\\/?s={search_term_string}\"},\"query-input\":{\"@type\":\"PropertyValueSpecification\",\"valueRequired\":true,\"valueName\":\"search_term_string\"}}],\"inLanguage\":\"es\"},{\"@type\":\"Organization\",\"@id\":\"https:\\\/\\\/monterreyverde.com\\\/#organization\",\"name\":\"MonterreyVerde - MV - Entregas Monterrey 24 horas Lunes a Domingo - Weed &amp; Smokeshop en Monterrey, NL. Entregas en mano en San Pedro Garza, Cumbres, SN, Guadalupe, Apodaca. La mejor calidad-precio ! Gana dinero con nosotros. - Whatsapp +528132769756\",\"url\":\"https:\\\/\\\/monterreyverde.com\\\/\",\"logo\":{\"@type\":\"ImageObject\",\"inLanguage\":\"es\",\"@id\":\"https:\\\/\\\/monterreyverde.com\\\/#\\\/schema\\\/logo\\\/image\\\/\",\"url\":\"https:\\\/\\\/monterreyverde.com\\\/wp-content\\\/uploads\\\/2025\\\/03\\\/cropped-sp1.jpg\",\"contentUrl\":\"https:\\\/\\\/monterreyverde.com\\\/wp-content\\\/uploads\\\/2025\\\/03\\\/cropped-sp1.jpg\",\"width\":183,\"height\":183,\"caption\":\"MonterreyVerde - MV - Entregas Monterrey 24 horas Lunes a Domingo -  Weed &amp; Smokeshop en Monterrey, NL. Entregas en mano en San Pedro Garza, Cumbres, SN, Guadalupe, Apodaca. La mejor calidad-precio ! Gana dinero con nosotros. - Whatsapp +528132769756\"},\"image\":{\"@id\":\"https:\\\/\\\/monterreyverde.com\\\/#\\\/schema\\\/logo\\\/image\\\/\"}}]}<\/script>\n<!-- \/ Yoast SEO plugin. -->","yoast_head_json":{"title":"metatags4 - MonterreyVerde - MV - Entregas Monterrey 24 horas Lunes a Domingo - Weed &amp; Smokeshop en Monterrey, NL. Entregas en mano en San Pedro Garza, Cumbres, SN, Guadalupe, Apodaca. La mejor calidad-precio ! Gana dinero con nosotros. - Whatsapp +528132769756","robots":{"index":"index","follow":"follow","max-snippet":"max-snippet:-1","max-image-preview":"max-image-preview:large","max-video-preview":"max-video-preview:-1"},"canonical":"https:\/\/monterreyverde.com\/index.php\/metatags4\/","og_locale":"es_MX","og_type":"article","og_title":"metatags4 - MonterreyVerde - MV - Entregas Monterrey 24 horas Lunes a Domingo - Weed &amp; Smokeshop en Monterrey, NL. Entregas en mano en San Pedro Garza, Cumbres, SN, Guadalupe, Apodaca. La mejor calidad-precio ! Gana dinero con nosotros. - Whatsapp +528132769756","og_description":"Ciudades de Lujo en M\u00e9xico: Ciudad de M\u00e9xico, Monterrey, San Pedro Garza Garc\u00eda, Guadalajara, Zapopan, Puerto Vallarta, Canc\u00fan, Playa del Carmen, Tulum, Los Cabos, San Jos\u00e9 del Cabo, Cabo San Lucas, M\u00e9rida, Quer\u00e9taro, Puebla, San Miguel de Allende, Valle de Bravo, Cuernavaca, Acapulco, Ixtapa Zihuatanejo, Mazatl\u00e1n, Aguascalientes, Le\u00f3n, Morelia, Toluca, Chihuahua, Hermosillo, Culiac\u00e1n, Tijuana, Ensenada, [&hellip;]","og_url":"https:\/\/monterreyverde.com\/index.php\/metatags4\/","og_site_name":"MonterreyVerde - MV - Entregas Monterrey 24 horas Lunes a Domingo - Weed &amp; Smokeshop en Monterrey, NL. Entregas en mano en San Pedro Garza, Cumbres, SN, Guadalupe, Apodaca. La mejor calidad-precio ! Gana dinero con nosotros. - Whatsapp +528132769756","twitter_card":"summary_large_image","schema":{"@context":"https:\/\/schema.org","@graph":[{"@type":"WebPage","@id":"https:\/\/monterreyverde.com\/index.php\/metatags4\/","url":"https:\/\/monterreyverde.com\/index.php\/metatags4\/","name":"metatags4 - MonterreyVerde - MV - Entregas Monterrey 24 horas Lunes a Domingo - Weed &amp; Smokeshop en Monterrey, NL. Entregas en mano en San Pedro Garza, Cumbres, SN, Guadalupe, Apodaca. La mejor calidad-precio ! Gana dinero con nosotros. - Whatsapp +528132769756","isPartOf":{"@id":"https:\/\/monterreyverde.com\/#website"},"datePublished":"2025-03-16T02:33:15+00:00","breadcrumb":{"@id":"https:\/\/monterreyverde.com\/index.php\/metatags4\/#breadcrumb"},"inLanguage":"es","potentialAction":[{"@type":"ReadAction","target":["https:\/\/monterreyverde.com\/index.php\/metatags4\/"]}]},{"@type":"BreadcrumbList","@id":"https:\/\/monterreyverde.com\/index.php\/metatags4\/#breadcrumb","itemListElement":[{"@type":"ListItem","position":1,"name":"Home","item":"https:\/\/monterreyverde.com\/"},{"@type":"ListItem","position":2,"name":"metatags4"}]},{"@type":"WebSite","@id":"https:\/\/monterreyverde.com\/#website","url":"https:\/\/monterreyverde.com\/","name":"MonterreyVerde - MV - Entregas Monterrey 24 horas Lunes a Domingo - Weed &amp; Smokeshop en Monterrey, NL. Entregas en mano en San Pedro Garza, Cumbres, SN, Guadalupe, Apodaca. La mejor calidad-precio ! Gana dinero con nosotros. - Whatsapp +528132769756","description":"Mas de 30 a\u00f1os de Experiencia. Envios a toda la Republica. Calidad, buenos precios, seriedad, excelente servicio. Prueba MV Shop ! 100% regio.","publisher":{"@id":"https:\/\/monterreyverde.com\/#organization"},"potentialAction":[{"@type":"SearchAction","target":{"@type":"EntryPoint","urlTemplate":"https:\/\/monterreyverde.com\/?s={search_term_string}"},"query-input":{"@type":"PropertyValueSpecification","valueRequired":true,"valueName":"search_term_string"}}],"inLanguage":"es"},{"@type":"Organization","@id":"https:\/\/monterreyverde.com\/#organization","name":"MonterreyVerde - MV - Entregas Monterrey 24 horas Lunes a Domingo - Weed &amp; Smokeshop en Monterrey, NL. Entregas en mano en San Pedro Garza, Cumbres, SN, Guadalupe, Apodaca. La mejor calidad-precio ! Gana dinero con nosotros. - Whatsapp +528132769756","url":"https:\/\/monterreyverde.com\/","logo":{"@type":"ImageObject","inLanguage":"es","@id":"https:\/\/monterreyverde.com\/#\/schema\/logo\/image\/","url":"https:\/\/monterreyverde.com\/wp-content\/uploads\/2025\/03\/cropped-sp1.jpg","contentUrl":"https:\/\/monterreyverde.com\/wp-content\/uploads\/2025\/03\/cropped-sp1.jpg","width":183,"height":183,"caption":"MonterreyVerde - MV - Entregas Monterrey 24 horas Lunes a Domingo -  Weed &amp; Smokeshop en Monterrey, NL. Entregas en mano en San Pedro Garza, Cumbres, SN, Guadalupe, Apodaca. La mejor calidad-precio ! Gana dinero con nosotros. - Whatsapp +528132769756"},"image":{"@id":"https:\/\/monterreyverde.com\/#\/schema\/logo\/image\/"}}]}},"jetpack_sharing_enabled":true,"_links":{"self":[{"href":"https:\/\/monterreyverde.com\/index.php\/wp-json\/wp\/v2\/pages\/167","targetHints":{"allow":["GET"]}}],"collection":[{"href":"https:\/\/monterreyverde.com\/index.php\/wp-json\/wp\/v2\/pages"}],"about":[{"href":"https:\/\/monterreyverde.com\/index.php\/wp-json\/wp\/v2\/types\/page"}],"author":[{"embeddable":true,"href":"https:\/\/monterreyverde.com\/index.php\/wp-json\/wp\/v2\/users\/1"}],"replies":[{"embeddable":true,"href":"https:\/\/monterreyverde.com\/index.php\/wp-json\/wp\/v2\/comments?post=167"}],"version-history":[{"count":0,"href":"https:\/\/monterreyverde.com\/index.php\/wp-json\/wp\/v2\/pages\/167\/revisions"}],"wp:attachment":[{"href":"https:\/\/monterreyverde.com\/index.php\/wp-json\/wp\/v2\/media?parent=167"}],"curies":[{"name":"wp","href":"https:\/\/api.w.org\/{rel}","templated":true}]}}